{"id":2134,"date":"2024-09-29T08:07:17","date_gmt":"2024-09-29T06:07:17","guid":{"rendered":"https:\/\/horsdutempsinstitut.fr\/?page_id=2134"},"modified":"2024-09-29T19:58:30","modified_gmt":"2024-09-29T17:58:30","slug":"mentions-legales","status":"publish","type":"page","link":"https:\/\/horsdutempsinstitut.fr\/index.php\/mentions-legales\/","title":{"rendered":"Mentions L\u00e9gales"},"content":{"rendered":"\t\t<div data-elementor-type=\"wp-page\" data-elementor-id=\"2134\" class=\"elementor elementor-2134\" data-elementor-post-type=\"page\">\n\t\t\t\t<div class=\"elementor-element elementor-element-0e6534c e-flex e-con-boxed e-con e-parent\" data-id=\"0e6534c\" data-element_type=\"container\" data-e-type=\"container\">\n\t\t\t\t\t<div class=\"e-con-inner\">\n\t\t\t\t<div class=\"elementor-element elementor-element-b9249ae elementor-widget elementor-widget-spacer\" data-id=\"b9249ae\" data-element_type=\"widget\" data-e-type=\"widget\" data-widget_type=\"spacer.default\">\n\t\t\t\t<div class=\"elementor-widget-container\">\n\t\t\t\t\t\t\t<div class=\"elementor-spacer\">\n\t\t\t<div class=\"elementor-spacer-inner\"><\/div>\n\t\t<\/div>\n\t\t\t\t\t\t<\/div>\n\t\t\t\t<\/div>\n\t\t\t\t<div class=\"elementor-element elementor-element-6b8a7fd elementor-widget elementor-widget-heading\" data-id=\"6b8a7fd\" data-element_type=\"widget\" data-e-type=\"widget\" data-widget_type=\"heading.default\">\n\t\t\t\t<div class=\"elementor-widget-container\">\n\t\t\t\t\t<h2 class=\"elementor-heading-title elementor-size-default\">Mentions L\u00e9gales<\/h2>\t\t\t\t<\/div>\n\t\t\t\t<\/div>\n\t\t\t\t<div class=\"elementor-element elementor-element-797a365 elementor-widget elementor-widget-text-editor\" data-id=\"797a365\" data-element_type=\"widget\" data-e-type=\"widget\" data-widget_type=\"text-editor.default\">\n\t\t\t\t<div class=\"elementor-widget-container\">\n\t\t\t\t\t\t\t\t\t<p><strong>\u00c9diteur du site :<\/strong><br \/>Nom de l&rsquo;entreprise : Hors du Temps institut<br \/>Adresse : 17 Rue du languedoc 31000 Toulouse<br \/>T\u00e9l\u00e9phone : 06 35 46 27 11<br \/>E-mail : institut.horsdutemps31@gmail.fr<\/p><p><strong>Directeur de la publication :<\/strong><br \/>Nom et pr\u00e9nom : Valentine Carbonel, Sara Bellebou, Magalie Perez.<\/p><p><strong>H\u00e9bergement du site :<\/strong><br \/>Le site est h\u00e9berg\u00e9 par OVH, dont le si\u00e8ge social est situ\u00e9 \u00e0 2 rue Kellermann \u2013 59100 Roubaix \u2013 France, t\u00e9l\u00e9phone : 09 72 10 10 07.<\/p><p><strong>Propri\u00e9t\u00e9 intellectuelle :<\/strong><br \/>Tous les contenus pr\u00e9sents sur ce site (textes, images, logos, graphismes) sont la propri\u00e9t\u00e9 exclusive de Hors du Temps ou de leurs auteurs respectifs, sauf mention contraire. Toute reproduction, distribution, modification, adaptation, retransmission ou publication, m\u00eame partielle, de ces diff\u00e9rents \u00e9l\u00e9ments est strictement interdite sans l&rsquo;accord \u00e9crit de Hors du Temps.<\/p><p><strong>Donn\u00e9es personnelles :<\/strong><br \/>Le site horsdutemps.com ne collecte pas de donn\u00e9es personnelles sans votre consentement. Les informations que vous pourriez nous transmettre via un formulaire de contact ou par e-mail ne seront utilis\u00e9es que dans le cadre de votre demande. Conform\u00e9ment \u00e0 la loi \u00ab\u00a0Informatique et Libert\u00e9s\u00a0\u00bb et au R\u00e8glement G\u00e9n\u00e9ral sur la Protection des Donn\u00e9es (RGPD), vous disposez d&rsquo;un droit d&rsquo;acc\u00e8s, de rectification, d&rsquo;opposition et de suppression de vos donn\u00e9es personnelles. Pour exercer ce droit, vous pouvez nous contacter \u00e0 l&rsquo;adresse suivante : institut.horsdutemps31@gmail.fr<\/p><p><strong>Cookies :<\/strong><br \/>Le site horsdutemps.com utilise des cookies pour am\u00e9liorer l\u2019exp\u00e9rience utilisateur et r\u00e9aliser des statistiques de visites. Vous pouvez configurer votre navigateur pour refuser les cookies en modifiant les param\u00e8tres de votre navigateur.<\/p>\t\t\t\t\t\t\t\t<\/div>\n\t\t\t\t<\/div>\n\t\t\t\t\t<\/div>\n\t\t\t\t<\/div>\n\t\t\t\t<\/div>\n\t\t","protected":false},"excerpt":{"rendered":"<p>Mentions L\u00e9gales \u00c9diteur du site :Nom de l&rsquo;entreprise : Hors du Temps institutAdresse : 17 Rue du languedoc 31000 ToulouseT\u00e9l\u00e9phone [&hellip;]<\/p>\n","protected":false},"author":1,"featured_media":0,"parent":0,"menu_order":0,"comment_status":"closed","ping_status":"closed","template":"","meta":{"site-sidebar-layout":"no-sidebar","site-content-layout":"","ast-site-content-layout":"full-width-container","site-content-style":"default","site-sidebar-style":"default","ast-global-header-display":"","ast-banner-title-visibility":"","ast-main-header-display":"","ast-hfb-above-header-display":"","ast-hfb-below-header-display":"","ast-hfb-mobile-header-display":"","site-post-title":"disabled","ast-breadcrumbs-content":"","ast-featured-img":"disabled","footer-sml-layout":"","theme-transparent-header-meta":"","adv-header-id-meta":"","stick-header-meta":"","header-above-stick-meta":"","header-main-stick-meta":"","header-below-stick-meta":"","astra-migrate-meta-layouts":"default","ast-page-background-enabled":"default","ast-page-background-meta":{"desktop":{"background-color":"var(--ast-global-color-4)","background-image":"","background-repeat":"repeat","background-position":"center center","background-size":"auto","background-attachment":"scroll","background-type":"","background-media":"","overlay-type":"","overlay-color":"","overlay-opacity":"","overlay-gradient":""},"tablet":{"background-color":"","background-image":"","background-repeat":"repeat","background-position":"center center","background-size":"auto","background-attachment":"scroll","background-type":"","background-media":"","overlay-type":"","overlay-color":"","overlay-opacity":"","overlay-gradient":""},"mobile":{"background-color":"","background-image":"","background-repeat":"repeat","background-position":"center center","background-size":"auto","background-attachment":"scroll","background-type":"","background-media":"","overlay-type":"","overlay-color":"","overlay-opacity":"","overlay-gradient":""}},"ast-content-background-meta":{"desktop":{"background-color":"var(--ast-global-color-5)","background-image":"","background-repeat":"repeat","background-position":"center center","background-size":"auto","background-attachment":"scroll","background-type":"","background-media":"","overlay-type":"","overlay-color":"","overlay-opacity":"","overlay-gradient":""},"tablet":{"background-color":"var(--ast-global-color-5)","background-image":"","background-repeat":"repeat","background-position":"center center","background-size":"auto","background-attachment":"scroll","background-type":"","background-media":"","overlay-type":"","overlay-color":"","overlay-opacity":"","overlay-gradient":""},"mobile":{"background-color":"var(--ast-global-color-5)","background-image":"","background-repeat":"repeat","background-position":"center center","background-size":"auto","background-attachment":"scroll","background-type":"","background-media":"","overlay-type":"","overlay-color":"","overlay-opacity":"","overlay-gradient":""}},"footnotes":""},"class_list":["post-2134","page","type-page","status-publish","hentry"],"yoast_head":"<!-- This site is optimized with the Yoast SEO plugin v27.5 - https:\/\/yoast.com\/product\/yoast-seo-wordpress\/ -->\n<title>Mentions L\u00e9gales - Hors Du Temps Institut<\/title>\n<meta name=\"robots\" content=\"index, follow, max-snippet:-1, max-image-preview:large, max-video-preview:-1\" \/>\n<link rel=\"canonical\" href=\"https:\/\/horsdutempsinstitut.fr\/index.php\/mentions-legales\/\" \/>\n<meta property=\"og:locale\" content=\"fr_FR\" \/>\n<meta property=\"og:type\" content=\"article\" \/>\n<meta property=\"og:title\" content=\"Mentions L\u00e9gales - Hors Du Temps Institut\" \/>\n<meta property=\"og:description\" content=\"Mentions L\u00e9gales \u00c9diteur du site :Nom de l&rsquo;entreprise : Hors du Temps institutAdresse : 17 Rue du languedoc 31000 ToulouseT\u00e9l\u00e9phone [&hellip;]\" \/>\n<meta property=\"og:url\" content=\"https:\/\/horsdutempsinstitut.fr\/index.php\/mentions-legales\/\" \/>\n<meta property=\"og:site_name\" content=\"Hors Du Temps Institut\" \/>\n<meta property=\"article:modified_time\" content=\"2024-09-29T17:58:30+00:00\" \/>\n<meta name=\"twitter:card\" content=\"summary_large_image\" \/>\n<meta name=\"twitter:label1\" content=\"Dur\u00e9e de lecture estim\u00e9e\" \/>\n\t<meta name=\"twitter:data1\" content=\"2 minutes\" \/>\n<script type=\"application\/ld+json\" class=\"yoast-schema-graph\">{\"@context\":\"https:\\\/\\\/schema.org\",\"@graph\":[{\"@type\":\"WebPage\",\"@id\":\"https:\\\/\\\/horsdutempsinstitut.fr\\\/index.php\\\/mentions-legales\\\/\",\"url\":\"https:\\\/\\\/horsdutempsinstitut.fr\\\/index.php\\\/mentions-legales\\\/\",\"name\":\"Mentions L\u00e9gales - Hors Du Temps Institut\",\"isPartOf\":{\"@id\":\"https:\\\/\\\/horsdutempsinstitut.fr\\\/#website\"},\"datePublished\":\"2024-09-29T06:07:17+00:00\",\"dateModified\":\"2024-09-29T17:58:30+00:00\",\"breadcrumb\":{\"@id\":\"https:\\\/\\\/horsdutempsinstitut.fr\\\/index.php\\\/mentions-legales\\\/#breadcrumb\"},\"inLanguage\":\"fr-FR\",\"potentialAction\":[{\"@type\":\"ReadAction\",\"target\":[\"https:\\\/\\\/horsdutempsinstitut.fr\\\/index.php\\\/mentions-legales\\\/\"]}]},{\"@type\":\"BreadcrumbList\",\"@id\":\"https:\\\/\\\/horsdutempsinstitut.fr\\\/index.php\\\/mentions-legales\\\/#breadcrumb\",\"itemListElement\":[{\"@type\":\"ListItem\",\"position\":1,\"name\":\"Accueil\",\"item\":\"https:\\\/\\\/horsdutempsinstitut.fr\\\/\"},{\"@type\":\"ListItem\",\"position\":2,\"name\":\"Mentions L\u00e9gales\"}]},{\"@type\":\"WebSite\",\"@id\":\"https:\\\/\\\/horsdutempsinstitut.fr\\\/#website\",\"url\":\"https:\\\/\\\/horsdutempsinstitut.fr\\\/\",\"name\":\"Hors Du Temps Institut\",\"description\":\"Bien-\u00eatre et Beaut\u00e9\",\"potentialAction\":[{\"@type\":\"SearchAction\",\"target\":{\"@type\":\"EntryPoint\",\"urlTemplate\":\"https:\\\/\\\/horsdutempsinstitut.fr\\\/?s={search_term_string}\"},\"query-input\":{\"@type\":\"PropertyValueSpecification\",\"valueRequired\":true,\"valueName\":\"search_term_string\"}}],\"inLanguage\":\"fr-FR\"}]}<\/script>\n<!-- \/ Yoast SEO plugin. -->","yoast_head_json":{"title":"Mentions L\u00e9gales - Hors Du Temps Institut","robots":{"index":"index","follow":"follow","max-snippet":"max-snippet:-1","max-image-preview":"max-image-preview:large","max-video-preview":"max-video-preview:-1"},"canonical":"https:\/\/horsdutempsinstitut.fr\/index.php\/mentions-legales\/","og_locale":"fr_FR","og_type":"article","og_title":"Mentions L\u00e9gales - Hors Du Temps Institut","og_description":"Mentions L\u00e9gales \u00c9diteur du site :Nom de l&rsquo;entreprise : Hors du Temps institutAdresse : 17 Rue du languedoc 31000 ToulouseT\u00e9l\u00e9phone [&hellip;]","og_url":"https:\/\/horsdutempsinstitut.fr\/index.php\/mentions-legales\/","og_site_name":"Hors Du Temps Institut","article_modified_time":"2024-09-29T17:58:30+00:00","twitter_card":"summary_large_image","twitter_misc":{"Dur\u00e9e de lecture estim\u00e9e":"2 minutes"},"schema":{"@context":"https:\/\/schema.org","@graph":[{"@type":"WebPage","@id":"https:\/\/horsdutempsinstitut.fr\/index.php\/mentions-legales\/","url":"https:\/\/horsdutempsinstitut.fr\/index.php\/mentions-legales\/","name":"Mentions L\u00e9gales - Hors Du Temps Institut","isPartOf":{"@id":"https:\/\/horsdutempsinstitut.fr\/#website"},"datePublished":"2024-09-29T06:07:17+00:00","dateModified":"2024-09-29T17:58:30+00:00","breadcrumb":{"@id":"https:\/\/horsdutempsinstitut.fr\/index.php\/mentions-legales\/#breadcrumb"},"inLanguage":"fr-FR","potentialAction":[{"@type":"ReadAction","target":["https:\/\/horsdutempsinstitut.fr\/index.php\/mentions-legales\/"]}]},{"@type":"BreadcrumbList","@id":"https:\/\/horsdutempsinstitut.fr\/index.php\/mentions-legales\/#breadcrumb","itemListElement":[{"@type":"ListItem","position":1,"name":"Accueil","item":"https:\/\/horsdutempsinstitut.fr\/"},{"@type":"ListItem","position":2,"name":"Mentions L\u00e9gales"}]},{"@type":"WebSite","@id":"https:\/\/horsdutempsinstitut.fr\/#website","url":"https:\/\/horsdutempsinstitut.fr\/","name":"Hors Du Temps Institut","description":"Bien-\u00eatre et Beaut\u00e9","potentialAction":[{"@type":"SearchAction","target":{"@type":"EntryPoint","urlTemplate":"https:\/\/horsdutempsinstitut.fr\/?s={search_term_string}"},"query-input":{"@type":"PropertyValueSpecification","valueRequired":true,"valueName":"search_term_string"}}],"inLanguage":"fr-FR"}]}},"jetpack_sharing_enabled":true,"_links":{"self":[{"href":"https:\/\/horsdutempsinstitut.fr\/index.php\/wp-json\/wp\/v2\/pages\/2134","targetHints":{"allow":["GET"]}}],"collection":[{"href":"https:\/\/horsdutempsinstitut.fr\/index.php\/wp-json\/wp\/v2\/pages"}],"about":[{"href":"https:\/\/horsdutempsinstitut.fr\/index.php\/wp-json\/wp\/v2\/types\/page"}],"author":[{"embeddable":true,"href":"https:\/\/horsdutempsinstitut.fr\/index.php\/wp-json\/wp\/v2\/users\/1"}],"replies":[{"embeddable":true,"href":"https:\/\/horsdutempsinstitut.fr\/index.php\/wp-json\/wp\/v2\/comments?post=2134"}],"version-history":[{"count":9,"href":"https:\/\/horsdutempsinstitut.fr\/index.php\/wp-json\/wp\/v2\/pages\/2134\/revisions"}],"predecessor-version":[{"id":2144,"href":"https:\/\/horsdutempsinstitut.fr\/index.php\/wp-json\/wp\/v2\/pages\/2134\/revisions\/2144"}],"wp:attachment":[{"href":"https:\/\/horsdutempsinstitut.fr\/index.php\/wp-json\/wp\/v2\/media?parent=2134"}],"curies":[{"name":"wp","href":"https:\/\/api.w.org\/{rel}","templated":true}]}}