{"id":3,"date":"2024-05-13T14:22:14","date_gmt":"2024-05-13T12:22:14","guid":{"rendered":"http:\/\/horsdutempsinstitut.fr\/?page_id=3"},"modified":"2024-09-29T07:59:50","modified_gmt":"2024-09-29T05:59:50","slug":"politique-de-confidentialite","status":"publish","type":"page","link":"https:\/\/horsdutempsinstitut.fr\/index.php\/politique-de-confidentialite\/","title":{"rendered":"Politique de confidentialit\u00e9"},"content":{"rendered":"\t\t<div data-elementor-type=\"wp-page\" data-elementor-id=\"3\" class=\"elementor elementor-3\" data-elementor-post-type=\"page\">\n\t\t\t\t<div class=\"elementor-element elementor-element-41e5807e e-flex e-con-boxed e-con e-parent\" data-id=\"41e5807e\" data-element_type=\"container\" data-e-type=\"container\" data-settings=\"{&quot;background_background&quot;:&quot;classic&quot;}\">\n\t\t\t\t\t<div class=\"e-con-inner\">\n\t\t\t\t<div class=\"elementor-element elementor-element-30e1563 elementor-widget elementor-widget-spacer\" data-id=\"30e1563\" data-element_type=\"widget\" data-e-type=\"widget\" data-widget_type=\"spacer.default\">\n\t\t\t\t<div class=\"elementor-widget-container\">\n\t\t\t\t\t\t\t<div class=\"elementor-spacer\">\n\t\t\t<div class=\"elementor-spacer-inner\"><\/div>\n\t\t<\/div>\n\t\t\t\t\t\t<\/div>\n\t\t\t\t<\/div>\n\t\t\t\t<div class=\"elementor-element elementor-element-f57c817 elementor-widget elementor-widget-heading\" data-id=\"f57c817\" data-element_type=\"widget\" data-e-type=\"widget\" data-widget_type=\"heading.default\">\n\t\t\t\t<div class=\"elementor-widget-container\">\n\t\t\t\t\t<h2 class=\"elementor-heading-title elementor-size-default\">Politique de Confidentialit\u00e9<\/h2>\t\t\t\t<\/div>\n\t\t\t\t<\/div>\n\t\t\t\t<div class=\"elementor-element elementor-element-966fd31 elementor-widget elementor-widget-text-editor\" data-id=\"966fd31\" data-element_type=\"widget\" data-e-type=\"widget\" data-widget_type=\"text-editor.default\">\n\t\t\t\t<div class=\"elementor-widget-container\">\n\t\t\t\t\t\t\t\t\t<h3>\u00a0<\/h3>\n<p><strong>1. Collecte des informations<\/strong><br \/>Le site horsdutemps.com ne collecte pas de donn\u00e9es personnelles directement de ses utilisateurs. Cependant, lorsque vous nous contactez via un formulaire ou par e-mail, nous collectons les informations que vous nous fournissez volontairement (par exemple, nom, pr\u00e9nom, e-mail). Ces donn\u00e9es sont utilis\u00e9es uniquement dans le cadre de votre demande de contact.<\/p>\n<p><strong>2. Utilisation des donn\u00e9es<\/strong><br \/>Les informations collect\u00e9es sont exclusivement destin\u00e9es \u00e0 Hors du Temps et ne seront jamais partag\u00e9es avec des tiers \u00e0 des fins commerciales, marketing ou autres.<\/p>\n<p><strong>3. Conservation des donn\u00e9es<\/strong><br \/>Vos donn\u00e9es personnelles ne seront conserv\u00e9es que le temps n\u00e9cessaire pour r\u00e9pondre \u00e0 votre demande, sauf si la loi impose une dur\u00e9e de conservation plus longue.<\/p>\n<p><strong>4. Droits des utilisateurs<\/strong><br \/>Conform\u00e9ment \u00e0 la l\u00e9gislation en vigueur (loi \u00ab\u00a0Informatique et Libert\u00e9s\u00a0\u00bb et RGPD), vous disposez d\u2019un droit d\u2019acc\u00e8s, de rectification, de suppression et d\u2019opposition concernant vos donn\u00e9es personnelles. Pour exercer ces droits, veuillez nous contacter par e-mail \u00e0 l&rsquo;adresse : institut.horsdutemps31@gmail.fr.<\/p>\n<p><strong>5. S\u00e9curit\u00e9 des donn\u00e9es<\/strong><br \/>Hors du Temps s&rsquo;engage \u00e0 assurer la s\u00e9curit\u00e9 de vos donn\u00e9es et \u00e0 prendre toutes les mesures n\u00e9cessaires pour prot\u00e9ger les informations transmises via le site.<\/p>\n<p><strong>6. Liens vers d&rsquo;autres sites<\/strong><br \/>Le site horsdutemps.com peut contenir des liens vers d&rsquo;autres sites. Hors du Temps n&rsquo;est pas responsable des pratiques de confidentialit\u00e9 ou du contenu de ces sites externes.<\/p>\n<p><strong>7. Modification de la Politique de Confidentialit\u00e9<\/strong><br \/>Hors du Temps se r\u00e9serve le droit de modifier la pr\u00e9sente politique de confidentialit\u00e9 \u00e0 tout moment. Les modifications seront publi\u00e9es sur cette page et, le cas \u00e9ch\u00e9ant, port\u00e9es \u00e0 votre connaissance par e-mail.<\/p>\t\t\t\t\t\t\t\t<\/div>\n\t\t\t\t<\/div>\n\t\t\t\t<div class=\"elementor-element elementor-element-e075bff elementor-widget elementor-widget-heading\" data-id=\"e075bff\" data-element_type=\"widget\" data-e-type=\"widget\" data-widget_type=\"heading.default\">\n\t\t\t\t<div class=\"elementor-widget-container\">\n\t\t\t\t\t<h2 class=\"elementor-heading-title elementor-size-default\">Contact<\/h2>\t\t\t\t<\/div>\n\t\t\t\t<\/div>\n\t\t\t\t<div class=\"elementor-element elementor-element-4a7c598 elementor-widget elementor-widget-text-editor\" data-id=\"4a7c598\" data-element_type=\"widget\" data-e-type=\"widget\" data-widget_type=\"text-editor.default\">\n\t\t\t\t<div class=\"elementor-widget-container\">\n\t\t\t\t\t\t\t\t\t<p>Pour toute question ou r\u00e9clamation concernant vos donn\u00e9es personnelles, vous pouvez nous contacter \u00e0 l\u2019adresse suivante :<br \/>E-mail : institut.horsdutemps31@gmail.fr<br \/>Adresse : 17 Rue du languedoc 31000 Toulouse<\/p>\t\t\t\t\t\t\t\t<\/div>\n\t\t\t\t<\/div>\n\t\t\t\t\t<\/div>\n\t\t\t\t<\/div>\n\t\t\t\t<\/div>\n\t\t","protected":false},"excerpt":{"rendered":"<p>Politique de Confidentialit\u00e9 \u00a0 1. Collecte des informationsLe site horsdutemps.com ne collecte pas de donn\u00e9es personnelles directement de ses utilisateurs. [&hellip;]<\/p>\n","protected":false},"author":1,"featured_media":0,"parent":0,"menu_order":0,"comment_status":"closed","ping_status":"closed","template":"elementor_header_footer","meta":{"site-sidebar-layout":"default","site-content-layout":"","ast-site-content-layout":"","site-content-style":"default","site-sidebar-style":"default","ast-global-header-display":"","ast-banner-title-visibility":"","ast-main-header-display":"","ast-hfb-above-header-display":"","ast-hfb-below-header-display":"","ast-hfb-mobile-header-display":"","site-post-title":"","ast-breadcrumbs-content":"","ast-featured-img":"","footer-sml-layout":"","theme-transparent-header-meta":"","adv-header-id-meta":"","stick-header-meta":"","header-above-stick-meta":"","header-main-stick-meta":"","header-below-stick-meta":"","astra-migrate-meta-layouts":"default","ast-page-background-enabled":"default","ast-page-background-meta":{"desktop":{"background-color":"var(--ast-global-color-4)","background-image":"","background-repeat":"repeat","background-position":"center center","background-size":"auto","background-attachment":"scroll","background-type":"","background-media":"","overlay-type":"","overlay-color":"","overlay-opacity":"","overlay-gradient":""},"tablet":{"background-color":"","background-image":"","background-repeat":"repeat","background-position":"center center","background-size":"auto","background-attachment":"scroll","background-type":"","background-media":"","overlay-type":"","overlay-color":"","overlay-opacity":"","overlay-gradient":""},"mobile":{"background-color":"","background-image":"","background-repeat":"repeat","background-position":"center center","background-size":"auto","background-attachment":"scroll","background-type":"","background-media":"","overlay-type":"","overlay-color":"","overlay-opacity":"","overlay-gradient":""}},"ast-content-background-meta":{"desktop":{"background-color":"var(--ast-global-color-5)","background-image":"","background-repeat":"repeat","background-position":"center center","background-size":"auto","background-attachment":"scroll","background-type":"","background-media":"","overlay-type":"","overlay-color":"","overlay-opacity":"","overlay-gradient":""},"tablet":{"background-color":"var(--ast-global-color-5)","background-image":"","background-repeat":"repeat","background-position":"center center","background-size":"auto","background-attachment":"scroll","background-type":"","background-media":"","overlay-type":"","overlay-color":"","overlay-opacity":"","overlay-gradient":""},"mobile":{"background-color":"var(--ast-global-color-5)","background-image":"","background-repeat":"repeat","background-position":"center center","background-size":"auto","background-attachment":"scroll","background-type":"","background-media":"","overlay-type":"","overlay-color":"","overlay-opacity":"","overlay-gradient":""}},"footnotes":""},"class_list":["post-3","page","type-page","status-publish","hentry"],"yoast_head":"<!-- This site is optimized with the Yoast SEO plugin v27.5 - https:\/\/yoast.com\/product\/yoast-seo-wordpress\/ -->\n<title>Politique de confidentialit\u00e9 - Hors Du Temps Institut<\/title>\n<meta name=\"robots\" content=\"index, follow, max-snippet:-1, max-image-preview:large, max-video-preview:-1\" \/>\n<link rel=\"canonical\" href=\"https:\/\/horsdutempsinstitut.fr\/index.php\/politique-de-confidentialite\/\" \/>\n<meta property=\"og:locale\" content=\"fr_FR\" \/>\n<meta property=\"og:type\" content=\"article\" \/>\n<meta property=\"og:title\" content=\"Politique de confidentialit\u00e9 - Hors Du Temps Institut\" \/>\n<meta property=\"og:description\" content=\"Politique de Confidentialit\u00e9 \u00a0 1. Collecte des informationsLe site horsdutemps.com ne collecte pas de donn\u00e9es personnelles directement de ses utilisateurs. [&hellip;]\" \/>\n<meta property=\"og:url\" content=\"https:\/\/horsdutempsinstitut.fr\/index.php\/politique-de-confidentialite\/\" \/>\n<meta property=\"og:site_name\" content=\"Hors Du Temps Institut\" \/>\n<meta property=\"article:modified_time\" content=\"2024-09-29T05:59:50+00:00\" \/>\n<meta name=\"twitter:card\" content=\"summary_large_image\" \/>\n<meta name=\"twitter:label1\" content=\"Dur\u00e9e de lecture estim\u00e9e\" \/>\n\t<meta name=\"twitter:data1\" content=\"2 minutes\" \/>\n<script type=\"application\/ld+json\" class=\"yoast-schema-graph\">{\"@context\":\"https:\\\/\\\/schema.org\",\"@graph\":[{\"@type\":\"WebPage\",\"@id\":\"https:\\\/\\\/horsdutempsinstitut.fr\\\/index.php\\\/politique-de-confidentialite\\\/\",\"url\":\"https:\\\/\\\/horsdutempsinstitut.fr\\\/index.php\\\/politique-de-confidentialite\\\/\",\"name\":\"Politique de confidentialit\u00e9 - Hors Du Temps Institut\",\"isPartOf\":{\"@id\":\"https:\\\/\\\/horsdutempsinstitut.fr\\\/#website\"},\"datePublished\":\"2024-05-13T12:22:14+00:00\",\"dateModified\":\"2024-09-29T05:59:50+00:00\",\"breadcrumb\":{\"@id\":\"https:\\\/\\\/horsdutempsinstitut.fr\\\/index.php\\\/politique-de-confidentialite\\\/#breadcrumb\"},\"inLanguage\":\"fr-FR\",\"potentialAction\":[{\"@type\":\"ReadAction\",\"target\":[\"https:\\\/\\\/horsdutempsinstitut.fr\\\/index.php\\\/politique-de-confidentialite\\\/\"]}]},{\"@type\":\"BreadcrumbList\",\"@id\":\"https:\\\/\\\/horsdutempsinstitut.fr\\\/index.php\\\/politique-de-confidentialite\\\/#breadcrumb\",\"itemListElement\":[{\"@type\":\"ListItem\",\"position\":1,\"name\":\"Accueil\",\"item\":\"https:\\\/\\\/horsdutempsinstitut.fr\\\/\"},{\"@type\":\"ListItem\",\"position\":2,\"name\":\"Politique de confidentialit\u00e9\"}]},{\"@type\":\"WebSite\",\"@id\":\"https:\\\/\\\/horsdutempsinstitut.fr\\\/#website\",\"url\":\"https:\\\/\\\/horsdutempsinstitut.fr\\\/\",\"name\":\"Hors Du Temps Institut\",\"description\":\"Bien-\u00eatre et Beaut\u00e9\",\"potentialAction\":[{\"@type\":\"SearchAction\",\"target\":{\"@type\":\"EntryPoint\",\"urlTemplate\":\"https:\\\/\\\/horsdutempsinstitut.fr\\\/?s={search_term_string}\"},\"query-input\":{\"@type\":\"PropertyValueSpecification\",\"valueRequired\":true,\"valueName\":\"search_term_string\"}}],\"inLanguage\":\"fr-FR\"}]}<\/script>\n<!-- \/ Yoast SEO plugin. -->","yoast_head_json":{"title":"Politique de confidentialit\u00e9 - Hors Du Temps Institut","robots":{"index":"index","follow":"follow","max-snippet":"max-snippet:-1","max-image-preview":"max-image-preview:large","max-video-preview":"max-video-preview:-1"},"canonical":"https:\/\/horsdutempsinstitut.fr\/index.php\/politique-de-confidentialite\/","og_locale":"fr_FR","og_type":"article","og_title":"Politique de confidentialit\u00e9 - Hors Du Temps Institut","og_description":"Politique de Confidentialit\u00e9 \u00a0 1. Collecte des informationsLe site horsdutemps.com ne collecte pas de donn\u00e9es personnelles directement de ses utilisateurs. [&hellip;]","og_url":"https:\/\/horsdutempsinstitut.fr\/index.php\/politique-de-confidentialite\/","og_site_name":"Hors Du Temps Institut","article_modified_time":"2024-09-29T05:59:50+00:00","twitter_card":"summary_large_image","twitter_misc":{"Dur\u00e9e de lecture estim\u00e9e":"2 minutes"},"schema":{"@context":"https:\/\/schema.org","@graph":[{"@type":"WebPage","@id":"https:\/\/horsdutempsinstitut.fr\/index.php\/politique-de-confidentialite\/","url":"https:\/\/horsdutempsinstitut.fr\/index.php\/politique-de-confidentialite\/","name":"Politique de confidentialit\u00e9 - Hors Du Temps Institut","isPartOf":{"@id":"https:\/\/horsdutempsinstitut.fr\/#website"},"datePublished":"2024-05-13T12:22:14+00:00","dateModified":"2024-09-29T05:59:50+00:00","breadcrumb":{"@id":"https:\/\/horsdutempsinstitut.fr\/index.php\/politique-de-confidentialite\/#breadcrumb"},"inLanguage":"fr-FR","potentialAction":[{"@type":"ReadAction","target":["https:\/\/horsdutempsinstitut.fr\/index.php\/politique-de-confidentialite\/"]}]},{"@type":"BreadcrumbList","@id":"https:\/\/horsdutempsinstitut.fr\/index.php\/politique-de-confidentialite\/#breadcrumb","itemListElement":[{"@type":"ListItem","position":1,"name":"Accueil","item":"https:\/\/horsdutempsinstitut.fr\/"},{"@type":"ListItem","position":2,"name":"Politique de confidentialit\u00e9"}]},{"@type":"WebSite","@id":"https:\/\/horsdutempsinstitut.fr\/#website","url":"https:\/\/horsdutempsinstitut.fr\/","name":"Hors Du Temps Institut","description":"Bien-\u00eatre et Beaut\u00e9","potentialAction":[{"@type":"SearchAction","target":{"@type":"EntryPoint","urlTemplate":"https:\/\/horsdutempsinstitut.fr\/?s={search_term_string}"},"query-input":{"@type":"PropertyValueSpecification","valueRequired":true,"valueName":"search_term_string"}}],"inLanguage":"fr-FR"}]}},"jetpack_sharing_enabled":true,"_links":{"self":[{"href":"https:\/\/horsdutempsinstitut.fr\/index.php\/wp-json\/wp\/v2\/pages\/3","targetHints":{"allow":["GET"]}}],"collection":[{"href":"https:\/\/horsdutempsinstitut.fr\/index.php\/wp-json\/wp\/v2\/pages"}],"about":[{"href":"https:\/\/horsdutempsinstitut.fr\/index.php\/wp-json\/wp\/v2\/types\/page"}],"author":[{"embeddable":true,"href":"https:\/\/horsdutempsinstitut.fr\/index.php\/wp-json\/wp\/v2\/users\/1"}],"replies":[{"embeddable":true,"href":"https:\/\/horsdutempsinstitut.fr\/index.php\/wp-json\/wp\/v2\/comments?post=3"}],"version-history":[{"count":15,"href":"https:\/\/horsdutempsinstitut.fr\/index.php\/wp-json\/wp\/v2\/pages\/3\/revisions"}],"predecessor-version":[{"id":2133,"href":"https:\/\/horsdutempsinstitut.fr\/index.php\/wp-json\/wp\/v2\/pages\/3\/revisions\/2133"}],"wp:attachment":[{"href":"https:\/\/horsdutempsinstitut.fr\/index.php\/wp-json\/wp\/v2\/media?parent=3"}],"curies":[{"name":"wp","href":"https:\/\/api.w.org\/{rel}","templated":true}]}}