{"id":43,"date":"2024-06-04T18:38:48","date_gmt":"2024-06-04T16:38:48","guid":{"rendered":"https:\/\/horsdutempsinstitut.fr\/?page_id=43"},"modified":"2025-03-03T16:55:40","modified_gmt":"2025-03-03T15:55:40","slug":"contact","status":"publish","type":"page","link":"https:\/\/horsdutempsinstitut.fr\/index.php\/contact\/","title":{"rendered":"Contact"},"content":{"rendered":"\t\t<div data-elementor-type=\"wp-page\" data-elementor-id=\"43\" class=\"elementor elementor-43\" data-elementor-post-type=\"page\">\n\t\t\t\t<div class=\"elementor-element elementor-element-7066f3f6 e-flex e-con-boxed e-con e-parent\" data-id=\"7066f3f6\" data-element_type=\"container\" data-e-type=\"container\" data-settings=\"{&quot;background_background&quot;:&quot;classic&quot;}\">\n\t\t\t\t\t<div class=\"e-con-inner\">\n\t\t\t\t<div class=\"elementor-element elementor-element-75d48aca elementor-widget elementor-widget-spacer\" data-id=\"75d48aca\" data-element_type=\"widget\" data-e-type=\"widget\" data-widget_type=\"spacer.default\">\n\t\t\t\t<div class=\"elementor-widget-container\">\n\t\t\t\t\t\t\t<div class=\"elementor-spacer\">\n\t\t\t<div class=\"elementor-spacer-inner\"><\/div>\n\t\t<\/div>\n\t\t\t\t\t\t<\/div>\n\t\t\t\t<\/div>\n\t\t\t\t\t<\/div>\n\t\t\t\t<\/div>\n\t\t<div class=\"elementor-element elementor-element-555f0966 e-flex e-con-boxed e-con e-parent\" data-id=\"555f0966\" data-element_type=\"container\" data-e-type=\"container\" data-settings=\"{&quot;background_background&quot;:&quot;classic&quot;}\">\n\t\t\t\t\t<div class=\"e-con-inner\">\n\t\t<div class=\"elementor-element elementor-element-4d143f69 e-con-full e-flex e-con e-child\" data-id=\"4d143f69\" data-element_type=\"container\" data-e-type=\"container\" data-settings=\"{&quot;background_background&quot;:&quot;classic&quot;}\">\n\t\t\t\t<div class=\"elementor-element elementor-element-2300768 elementor-widget elementor-widget-heading\" data-id=\"2300768\" data-element_type=\"widget\" data-e-type=\"widget\" data-widget_type=\"heading.default\">\n\t\t\t\t<div class=\"elementor-widget-container\">\n\t\t\t\t\t<h2 class=\"elementor-heading-title elementor-size-default\">Contactez Votre Institut de Beaut\u00e9 Hors du Temps \u00e0 Toulouse<\/h2>\t\t\t\t<\/div>\n\t\t\t\t<\/div>\n\t\t\t\t<\/div>\n\t\t<div class=\"elementor-element elementor-element-214a7216 e-con-full e-flex e-con e-child\" data-id=\"214a7216\" data-element_type=\"container\" data-e-type=\"container\">\n\t\t\t\t<\/div>\n\t\t<div class=\"elementor-element elementor-element-641382f3 e-con-full e-flex e-con e-child\" data-id=\"641382f3\" data-element_type=\"container\" data-e-type=\"container\">\n\t\t\t\t<div class=\"elementor-element elementor-element-67cd937e elementor-widget elementor-widget-spacer\" data-id=\"67cd937e\" data-element_type=\"widget\" data-e-type=\"widget\" data-widget_type=\"spacer.default\">\n\t\t\t\t<div class=\"elementor-widget-container\">\n\t\t\t\t\t\t\t<div class=\"elementor-spacer\">\n\t\t\t<div class=\"elementor-spacer-inner\"><\/div>\n\t\t<\/div>\n\t\t\t\t\t\t<\/div>\n\t\t\t\t<\/div>\n\t\t\t\t<div class=\"elementor-element elementor-element-9cdb436 elementor-widget elementor-widget-spacer\" data-id=\"9cdb436\" data-element_type=\"widget\" data-e-type=\"widget\" data-widget_type=\"spacer.default\">\n\t\t\t\t<div class=\"elementor-widget-container\">\n\t\t\t\t\t\t\t<div class=\"elementor-spacer\">\n\t\t\t<div class=\"elementor-spacer-inner\"><\/div>\n\t\t<\/div>\n\t\t\t\t\t\t<\/div>\n\t\t\t\t<\/div>\n\t\t\t\t<div class=\"elementor-element elementor-element-2f6c9474 elementor-widget elementor-widget-text-editor\" data-id=\"2f6c9474\" data-element_type=\"widget\" data-e-type=\"widget\" data-widget_type=\"text-editor.default\">\n\t\t\t\t<div class=\"elementor-widget-container\">\n\t\t\t\t\t\t\t\t\t<p class=\"cvGsUA direction-ltr align-start para-style-body\"><span class=\"OYPEnA text-decoration-none text-strikethrough-none\">Mail :<\/span> <span class=\"OYPEnA text-decoration-none text-strikethrough-none\">institut.horsdutemps31@gmail.fr<\/span><\/p><p class=\"cvGsUA direction-ltr align-start para-style-body\"><span class=\"OYPEnA text-decoration-none text-strikethrough-none\">Tel :<\/span> <span class=\"OYPEnA text-decoration-none text-strikethrough-none\">06 35 46 27 11<\/span><\/p><p class=\"cvGsUA direction-ltr align-start para-style-body\"><span class=\"OYPEnA text-decoration-none text-strikethrough-none\">Adresse : 17 Rue du languedoc<\/span><\/p><p class=\"cvGsUA direction-ltr align-start para-style-body\"><span class=\"OYPEnA text-decoration-none text-strikethrough-none\">31000 Toulouse<\/span><\/p>\t\t\t\t\t\t\t\t<\/div>\n\t\t\t\t<\/div>\n\t\t\t\t<div class=\"elementor-element elementor-element-59ab810f elementor-view-default elementor-widget elementor-widget-icon\" data-id=\"59ab810f\" data-element_type=\"widget\" data-e-type=\"widget\" data-widget_type=\"icon.default\">\n\t\t\t\t<div class=\"elementor-widget-container\">\n\t\t\t\t\t\t\t<div class=\"elementor-icon-wrapper\">\n\t\t\t<div class=\"elementor-icon\">\n\t\t\t<svg aria-hidden=\"true\" class=\"e-font-icon-svg e-fab-facebook-f\" viewBox=\"0 0 320 512\" xmlns=\"http:\/\/www.w3.org\/2000\/svg\"><path d=\"M279.14 288l14.22-92.66h-88.91v-60.13c0-25.35 12.42-50.06 52.24-50.06h40.42V6.26S260.43 0 225.36 0c-73.22 0-121.08 44.38-121.08 124.72v70.62H22.89V288h81.39v224h100.17V288z\"><\/path><\/svg>\t\t\t<\/div>\n\t\t<\/div>\n\t\t\t\t\t\t<\/div>\n\t\t\t\t<\/div>\n\t\t\t\t<div class=\"elementor-element elementor-element-6fa17115 elementor-view-default elementor-widget elementor-widget-icon\" data-id=\"6fa17115\" data-element_type=\"widget\" data-e-type=\"widget\" data-widget_type=\"icon.default\">\n\t\t\t\t<div class=\"elementor-widget-container\">\n\t\t\t\t\t\t\t<div class=\"elementor-icon-wrapper\">\n\t\t\t<div class=\"elementor-icon\">\n\t\t\t<svg aria-hidden=\"true\" class=\"e-font-icon-svg e-fab-instagram\" viewBox=\"0 0 448 512\" xmlns=\"http:\/\/www.w3.org\/2000\/svg\"><path d=\"M224.1 141c-63.6 0-114.9 51.3-114.9 114.9s51.3 114.9 114.9 114.9S339 319.5 339 255.9 287.7 141 224.1 141zm0 189.6c-41.1 0-74.7-33.5-74.7-74.7s33.5-74.7 74.7-74.7 74.7 33.5 74.7 74.7-33.6 74.7-74.7 74.7zm146.4-194.3c0 14.9-12 26.8-26.8 26.8-14.9 0-26.8-12-26.8-26.8s12-26.8 26.8-26.8 26.8 12 26.8 26.8zm76.1 27.2c-1.7-35.9-9.9-67.7-36.2-93.9-26.2-26.2-58-34.4-93.9-36.2-37-2.1-147.9-2.1-184.9 0-35.8 1.7-67.6 9.9-93.9 36.1s-34.4 58-36.2 93.9c-2.1 37-2.1 147.9 0 184.9 1.7 35.9 9.9 67.7 36.2 93.9s58 34.4 93.9 36.2c37 2.1 147.9 2.1 184.9 0 35.9-1.7 67.7-9.9 93.9-36.2 26.2-26.2 34.4-58 36.2-93.9 2.1-37 2.1-147.8 0-184.8zM398.8 388c-7.8 19.6-22.9 34.7-42.6 42.6-29.5 11.7-99.5 9-132.1 9s-102.7 2.6-132.1-9c-19.6-7.8-34.7-22.9-42.6-42.6-11.7-29.5-9-99.5-9-132.1s-2.6-102.7 9-132.1c7.8-19.6 22.9-34.7 42.6-42.6 29.5-11.7 99.5-9 132.1-9s102.7-2.6 132.1 9c19.6 7.8 34.7 22.9 42.6 42.6 11.7 29.5 9 99.5 9 132.1s2.7 102.7-9 132.1z\"><\/path><\/svg>\t\t\t<\/div>\n\t\t<\/div>\n\t\t\t\t\t\t<\/div>\n\t\t\t\t<\/div>\n\t\t\t\t<div class=\"elementor-element elementor-element-6ec560ea elementor-button-info elementor-align-center elementor-widget elementor-widget-button\" data-id=\"6ec560ea\" data-element_type=\"widget\" data-e-type=\"widget\" data-widget_type=\"button.default\">\n\t\t\t\t<div class=\"elementor-widget-container\">\n\t\t\t\t\t\t\t\t\t<div class=\"elementor-button-wrapper\">\n\t\t\t\t\t<a class=\"elementor-button elementor-button-link elementor-size-sm\" href=\"#\">\n\t\t\t\t\t\t<span class=\"elementor-button-content-wrapper\">\n\t\t\t\t\t\t\t\t\t<span class=\"elementor-button-text\">Je Prends Rendez-vous<\/span>\n\t\t\t\t\t<\/span>\n\t\t\t\t\t<\/a>\n\t\t\t\t<\/div>\n\t\t\t\t\t\t\t\t<\/div>\n\t\t\t\t<\/div>\n\t\t\t\t<\/div>\n\t\t<div class=\"elementor-element elementor-element-183cca78 e-con-full e-flex e-con e-child\" data-id=\"183cca78\" data-element_type=\"container\" data-e-type=\"container\">\n\t\t\t\t<div class=\"elementor-element elementor-element-5951d4ee elementor-widget elementor-widget-image\" data-id=\"5951d4ee\" data-element_type=\"widget\" data-e-type=\"widget\" data-widget_type=\"image.default\">\n\t\t\t\t<div class=\"elementor-widget-container\">\n\t\t\t\t\t\t\t\t\t\t\t\t\t\t\t<img decoding=\"async\" src=\"https:\/\/horsdutempsinstitut.fr\/wp-content\/uploads\/elementor\/thumbs\/interieur-agreable-institut-de-massage-a-toulouse-qpvi7yixazzxuuxhpdrw0o9qli1kjs92x1j5gzz69c.jpg\" title=\"int\u00e9rieur-agr\u00e9able-institut-de-massage-\u00e0-toulouse\" alt=\"int\u00e9rieur-agr\u00e9able-institut-de-massage-\u00e0-toulouse\" loading=\"lazy\" \/>\t\t\t\t\t\t\t\t\t\t\t\t\t\t\t<\/div>\n\t\t\t\t<\/div>\n\t\t\t\t<\/div>\n\t\t\t\t\t<\/div>\n\t\t\t\t<\/div>\n\t\t<div class=\"elementor-element elementor-element-ebed79b e-flex e-con-boxed e-con e-parent\" data-id=\"ebed79b\" data-element_type=\"container\" data-e-type=\"container\" data-settings=\"{&quot;background_background&quot;:&quot;classic&quot;}\">\n\t\t\t\t\t<div class=\"e-con-inner\">\n\t\t\t\t\t<\/div>\n\t\t\t\t<\/div>\n\t\t\t\t<\/div>\n\t\t","protected":false},"excerpt":{"rendered":"<p>Contactez Votre Institut de Beaut\u00e9 Hors du Temps \u00e0 Toulouse Mail : institut.horsdutemps31@gmail.fr Tel : 06 35 46 27 11 [&hellip;]<\/p>\n","protected":false},"author":1,"featured_media":0,"parent":0,"menu_order":0,"comment_status":"closed","ping_status":"closed","template":"","meta":{"site-sidebar-layout":"no-sidebar","site-content-layout":"","ast-site-content-layout":"full-width-container","site-content-style":"default","site-sidebar-style":"default","ast-global-header-display":"","ast-banner-title-visibility":"","ast-main-header-display":"","ast-hfb-above-header-display":"","ast-hfb-below-header-display":"","ast-hfb-mobile-header-display":"","site-post-title":"disabled","ast-breadcrumbs-content":"","ast-featured-img":"disabled","footer-sml-layout":"","theme-transparent-header-meta":"","adv-header-id-meta":"","stick-header-meta":"","header-above-stick-meta":"","header-main-stick-meta":"","header-below-stick-meta":"","astra-migrate-meta-layouts":"default","ast-page-background-enabled":"default","ast-page-background-meta":{"desktop":{"background-color":"var(--ast-global-color-4)","background-image":"","background-repeat":"repeat","background-position":"center center","background-size":"auto","background-attachment":"scroll","background-type":"","background-media":"","overlay-type":"","overlay-color":"","overlay-opacity":"","overlay-gradient":""},"tablet":{"background-color":"","background-image":"","background-repeat":"repeat","background-position":"center center","background-size":"auto","background-attachment":"scroll","background-type":"","background-media":"","overlay-type":"","overlay-color":"","overlay-opacity":"","overlay-gradient":""},"mobile":{"background-color":"","background-image":"","background-repeat":"repeat","background-position":"center center","background-size":"auto","background-attachment":"scroll","background-type":"","background-media":"","overlay-type":"","overlay-color":"","overlay-opacity":"","overlay-gradient":""}},"ast-content-background-meta":{"desktop":{"background-color":"var(--ast-global-color-5)","background-image":"","background-repeat":"repeat","background-position":"center center","background-size":"auto","background-attachment":"scroll","background-type":"","background-media":"","overlay-type":"","overlay-color":"","overlay-opacity":"","overlay-gradient":""},"tablet":{"background-color":"var(--ast-global-color-5)","background-image":"","background-repeat":"repeat","background-position":"center center","background-size":"auto","background-attachment":"scroll","background-type":"","background-media":"","overlay-type":"","overlay-color":"","overlay-opacity":"","overlay-gradient":""},"mobile":{"background-color":"var(--ast-global-color-5)","background-image":"","background-repeat":"repeat","background-position":"center center","background-size":"auto","background-attachment":"scroll","background-type":"","background-media":"","overlay-type":"","overlay-color":"","overlay-opacity":"","overlay-gradient":""}},"footnotes":""},"class_list":["post-43","page","type-page","status-publish","hentry"],"yoast_head":"<!-- This site is optimized with the Yoast SEO plugin v27.5 - https:\/\/yoast.com\/product\/yoast-seo-wordpress\/ -->\n<title>Contactez votre Institut de Beaut\u00e9 \u00e0 Toulouse - Hors du Temps<\/title>\n<meta name=\"description\" content=\"Envie d&#039;un moment de bien-\u00eatre te de d\u00e9tente contactez votre institut de massage et beaut\u00e9 \u00e0 Toulouse Carmes\" \/>\n<meta name=\"robots\" content=\"index, follow, max-snippet:-1, max-image-preview:large, max-video-preview:-1\" \/>\n<link rel=\"canonical\" href=\"https:\/\/horsdutempsinstitut.fr\/index.php\/contact\/\" \/>\n<meta property=\"og:locale\" content=\"fr_FR\" \/>\n<meta property=\"og:type\" content=\"article\" \/>\n<meta property=\"og:title\" content=\"Contactez votre Institut de Beaut\u00e9 \u00e0 Toulouse - Hors du Temps\" \/>\n<meta property=\"og:description\" content=\"Envie d&#039;un moment de bien-\u00eatre te de d\u00e9tente contactez votre institut de massage et beaut\u00e9 \u00e0 Toulouse Carmes\" \/>\n<meta property=\"og:url\" content=\"https:\/\/horsdutempsinstitut.fr\/index.php\/contact\/\" \/>\n<meta property=\"og:site_name\" content=\"Hors Du Temps Institut\" \/>\n<meta property=\"article:modified_time\" content=\"2025-03-03T15:55:40+00:00\" \/>\n<meta property=\"og:image\" content=\"https:\/\/horsdutempsinstitut.fr\/wp-content\/uploads\/elementor\/thumbs\/interieur-agreable-institut-de-massage-a-toulouse-qpvi7yixazzxuuxhpdrw0o9qli1kjs92x1j5gzz69c.jpg\" \/>\n<meta name=\"twitter:card\" content=\"summary_large_image\" \/>\n<meta name=\"twitter:label1\" content=\"Dur\u00e9e de lecture estim\u00e9e\" \/>\n\t<meta name=\"twitter:data1\" content=\"1 minute\" \/>\n<script type=\"application\/ld+json\" class=\"yoast-schema-graph\">{\"@context\":\"https:\\\/\\\/schema.org\",\"@graph\":[{\"@type\":\"WebPage\",\"@id\":\"https:\\\/\\\/horsdutempsinstitut.fr\\\/index.php\\\/contact\\\/\",\"url\":\"https:\\\/\\\/horsdutempsinstitut.fr\\\/index.php\\\/contact\\\/\",\"name\":\"Contactez votre Institut de Beaut\u00e9 \u00e0 Toulouse - Hors du Temps\",\"isPartOf\":{\"@id\":\"https:\\\/\\\/horsdutempsinstitut.fr\\\/#website\"},\"primaryImageOfPage\":{\"@id\":\"https:\\\/\\\/horsdutempsinstitut.fr\\\/index.php\\\/contact\\\/#primaryimage\"},\"image\":{\"@id\":\"https:\\\/\\\/horsdutempsinstitut.fr\\\/index.php\\\/contact\\\/#primaryimage\"},\"thumbnailUrl\":\"https:\\\/\\\/horsdutempsinstitut.fr\\\/wp-content\\\/uploads\\\/elementor\\\/thumbs\\\/interieur-agreable-institut-de-massage-a-toulouse-qpvi7yixazzxuuxhpdrw0o9qli1kjs92x1j5gzz69c.jpg\",\"datePublished\":\"2024-06-04T16:38:48+00:00\",\"dateModified\":\"2025-03-03T15:55:40+00:00\",\"description\":\"Envie d'un moment de bien-\u00eatre te de d\u00e9tente contactez votre institut de massage et beaut\u00e9 \u00e0 Toulouse Carmes\",\"breadcrumb\":{\"@id\":\"https:\\\/\\\/horsdutempsinstitut.fr\\\/index.php\\\/contact\\\/#breadcrumb\"},\"inLanguage\":\"fr-FR\",\"potentialAction\":[{\"@type\":\"ReadAction\",\"target\":[\"https:\\\/\\\/horsdutempsinstitut.fr\\\/index.php\\\/contact\\\/\"]}]},{\"@type\":\"ImageObject\",\"inLanguage\":\"fr-FR\",\"@id\":\"https:\\\/\\\/horsdutempsinstitut.fr\\\/index.php\\\/contact\\\/#primaryimage\",\"url\":\"https:\\\/\\\/horsdutempsinstitut.fr\\\/wp-content\\\/uploads\\\/elementor\\\/thumbs\\\/interieur-agreable-institut-de-massage-a-toulouse-qpvi7yixazzxuuxhpdrw0o9qli1kjs92x1j5gzz69c.jpg\",\"contentUrl\":\"https:\\\/\\\/horsdutempsinstitut.fr\\\/wp-content\\\/uploads\\\/elementor\\\/thumbs\\\/interieur-agreable-institut-de-massage-a-toulouse-qpvi7yixazzxuuxhpdrw0o9qli1kjs92x1j5gzz69c.jpg\"},{\"@type\":\"BreadcrumbList\",\"@id\":\"https:\\\/\\\/horsdutempsinstitut.fr\\\/index.php\\\/contact\\\/#breadcrumb\",\"itemListElement\":[{\"@type\":\"ListItem\",\"position\":1,\"name\":\"Accueil\",\"item\":\"https:\\\/\\\/horsdutempsinstitut.fr\\\/\"},{\"@type\":\"ListItem\",\"position\":2,\"name\":\"Contact\"}]},{\"@type\":\"WebSite\",\"@id\":\"https:\\\/\\\/horsdutempsinstitut.fr\\\/#website\",\"url\":\"https:\\\/\\\/horsdutempsinstitut.fr\\\/\",\"name\":\"Hors Du Temps Institut\",\"description\":\"Bien-\u00eatre et Beaut\u00e9\",\"potentialAction\":[{\"@type\":\"SearchAction\",\"target\":{\"@type\":\"EntryPoint\",\"urlTemplate\":\"https:\\\/\\\/horsdutempsinstitut.fr\\\/?s={search_term_string}\"},\"query-input\":{\"@type\":\"PropertyValueSpecification\",\"valueRequired\":true,\"valueName\":\"search_term_string\"}}],\"inLanguage\":\"fr-FR\"}]}<\/script>\n<!-- \/ Yoast SEO plugin. -->","yoast_head_json":{"title":"Contactez votre Institut de Beaut\u00e9 \u00e0 Toulouse - Hors du Temps","description":"Envie d'un moment de bien-\u00eatre te de d\u00e9tente contactez votre institut de massage et beaut\u00e9 \u00e0 Toulouse Carmes","robots":{"index":"index","follow":"follow","max-snippet":"max-snippet:-1","max-image-preview":"max-image-preview:large","max-video-preview":"max-video-preview:-1"},"canonical":"https:\/\/horsdutempsinstitut.fr\/index.php\/contact\/","og_locale":"fr_FR","og_type":"article","og_title":"Contactez votre Institut de Beaut\u00e9 \u00e0 Toulouse - Hors du Temps","og_description":"Envie d'un moment de bien-\u00eatre te de d\u00e9tente contactez votre institut de massage et beaut\u00e9 \u00e0 Toulouse Carmes","og_url":"https:\/\/horsdutempsinstitut.fr\/index.php\/contact\/","og_site_name":"Hors Du Temps Institut","article_modified_time":"2025-03-03T15:55:40+00:00","og_image":[{"url":"https:\/\/horsdutempsinstitut.fr\/wp-content\/uploads\/elementor\/thumbs\/interieur-agreable-institut-de-massage-a-toulouse-qpvi7yixazzxuuxhpdrw0o9qli1kjs92x1j5gzz69c.jpg","type":"","width":"","height":""}],"twitter_card":"summary_large_image","twitter_misc":{"Dur\u00e9e de lecture estim\u00e9e":"1 minute"},"schema":{"@context":"https:\/\/schema.org","@graph":[{"@type":"WebPage","@id":"https:\/\/horsdutempsinstitut.fr\/index.php\/contact\/","url":"https:\/\/horsdutempsinstitut.fr\/index.php\/contact\/","name":"Contactez votre Institut de Beaut\u00e9 \u00e0 Toulouse - Hors du Temps","isPartOf":{"@id":"https:\/\/horsdutempsinstitut.fr\/#website"},"primaryImageOfPage":{"@id":"https:\/\/horsdutempsinstitut.fr\/index.php\/contact\/#primaryimage"},"image":{"@id":"https:\/\/horsdutempsinstitut.fr\/index.php\/contact\/#primaryimage"},"thumbnailUrl":"https:\/\/horsdutempsinstitut.fr\/wp-content\/uploads\/elementor\/thumbs\/interieur-agreable-institut-de-massage-a-toulouse-qpvi7yixazzxuuxhpdrw0o9qli1kjs92x1j5gzz69c.jpg","datePublished":"2024-06-04T16:38:48+00:00","dateModified":"2025-03-03T15:55:40+00:00","description":"Envie d'un moment de bien-\u00eatre te de d\u00e9tente contactez votre institut de massage et beaut\u00e9 \u00e0 Toulouse Carmes","breadcrumb":{"@id":"https:\/\/horsdutempsinstitut.fr\/index.php\/contact\/#breadcrumb"},"inLanguage":"fr-FR","potentialAction":[{"@type":"ReadAction","target":["https:\/\/horsdutempsinstitut.fr\/index.php\/contact\/"]}]},{"@type":"ImageObject","inLanguage":"fr-FR","@id":"https:\/\/horsdutempsinstitut.fr\/index.php\/contact\/#primaryimage","url":"https:\/\/horsdutempsinstitut.fr\/wp-content\/uploads\/elementor\/thumbs\/interieur-agreable-institut-de-massage-a-toulouse-qpvi7yixazzxuuxhpdrw0o9qli1kjs92x1j5gzz69c.jpg","contentUrl":"https:\/\/horsdutempsinstitut.fr\/wp-content\/uploads\/elementor\/thumbs\/interieur-agreable-institut-de-massage-a-toulouse-qpvi7yixazzxuuxhpdrw0o9qli1kjs92x1j5gzz69c.jpg"},{"@type":"BreadcrumbList","@id":"https:\/\/horsdutempsinstitut.fr\/index.php\/contact\/#breadcrumb","itemListElement":[{"@type":"ListItem","position":1,"name":"Accueil","item":"https:\/\/horsdutempsinstitut.fr\/"},{"@type":"ListItem","position":2,"name":"Contact"}]},{"@type":"WebSite","@id":"https:\/\/horsdutempsinstitut.fr\/#website","url":"https:\/\/horsdutempsinstitut.fr\/","name":"Hors Du Temps Institut","description":"Bien-\u00eatre et Beaut\u00e9","potentialAction":[{"@type":"SearchAction","target":{"@type":"EntryPoint","urlTemplate":"https:\/\/horsdutempsinstitut.fr\/?s={search_term_string}"},"query-input":{"@type":"PropertyValueSpecification","valueRequired":true,"valueName":"search_term_string"}}],"inLanguage":"fr-FR"}]}},"jetpack_sharing_enabled":true,"_links":{"self":[{"href":"https:\/\/horsdutempsinstitut.fr\/index.php\/wp-json\/wp\/v2\/pages\/43","targetHints":{"allow":["GET"]}}],"collection":[{"href":"https:\/\/horsdutempsinstitut.fr\/index.php\/wp-json\/wp\/v2\/pages"}],"about":[{"href":"https:\/\/horsdutempsinstitut.fr\/index.php\/wp-json\/wp\/v2\/types\/page"}],"author":[{"embeddable":true,"href":"https:\/\/horsdutempsinstitut.fr\/index.php\/wp-json\/wp\/v2\/users\/1"}],"replies":[{"embeddable":true,"href":"https:\/\/horsdutempsinstitut.fr\/index.php\/wp-json\/wp\/v2\/comments?post=43"}],"version-history":[{"count":22,"href":"https:\/\/horsdutempsinstitut.fr\/index.php\/wp-json\/wp\/v2\/pages\/43\/revisions"}],"predecessor-version":[{"id":2344,"href":"https:\/\/horsdutempsinstitut.fr\/index.php\/wp-json\/wp\/v2\/pages\/43\/revisions\/2344"}],"wp:attachment":[{"href":"https:\/\/horsdutempsinstitut.fr\/index.php\/wp-json\/wp\/v2\/media?parent=43"}],"curies":[{"name":"wp","href":"https:\/\/api.w.org\/{rel}","templated":true}]}}