{"id":615,"date":"2024-06-30T20:17:52","date_gmt":"2024-06-30T18:17:52","guid":{"rendered":"https:\/\/horsdutempsinstitut.fr\/?page_id=615"},"modified":"2025-03-01T13:57:46","modified_gmt":"2025-03-01T12:57:46","slug":"beaute-du-regard","status":"publish","type":"page","link":"https:\/\/horsdutempsinstitut.fr\/index.php\/beaute-du-regard\/","title":{"rendered":"Beaut\u00e9 du Regard"},"content":{"rendered":"\t\t<div data-elementor-type=\"wp-page\" data-elementor-id=\"615\" class=\"elementor elementor-615\" data-elementor-post-type=\"page\">\n\t\t\t\t<div class=\"elementor-element elementor-element-b45eae3 e-flex e-con-boxed e-con e-parent\" data-id=\"b45eae3\" data-element_type=\"container\" data-e-type=\"container\" data-settings=\"{&quot;background_background&quot;:&quot;classic&quot;}\">\n\t\t\t\t\t<div class=\"e-con-inner\">\n\t\t<div class=\"elementor-element elementor-element-13f30f6 e-con-full e-flex e-con e-child\" data-id=\"13f30f6\" data-element_type=\"container\" data-e-type=\"container\" data-settings=\"{&quot;background_background&quot;:&quot;classic&quot;}\">\n\t\t\t\t<div class=\"elementor-element elementor-element-4cd004b elementor-widget elementor-widget-heading\" data-id=\"4cd004b\" data-element_type=\"widget\" data-e-type=\"widget\" data-widget_type=\"heading.default\">\n\t\t\t\t<div class=\"elementor-widget-container\">\n\t\t\t\t\t<h2 class=\"elementor-heading-title elementor-size-default\">Beaut\u00e9 du Regard \u00e0 Toulouse <\/h2>\t\t\t\t<\/div>\n\t\t\t\t<\/div>\n\t\t\t\t<div class=\"elementor-element elementor-element-aa83b26 elementor-widget elementor-widget-spacer\" data-id=\"aa83b26\" data-element_type=\"widget\" data-e-type=\"widget\" data-widget_type=\"spacer.default\">\n\t\t\t\t<div class=\"elementor-widget-container\">\n\t\t\t\t\t\t\t<div class=\"elementor-spacer\">\n\t\t\t<div class=\"elementor-spacer-inner\"><\/div>\n\t\t<\/div>\n\t\t\t\t\t\t<\/div>\n\t\t\t\t<\/div>\n\t\t\t\t<\/div>\n\t\t<div class=\"elementor-element elementor-element-6443b44 e-con-full e-flex e-con e-child\" data-id=\"6443b44\" data-element_type=\"container\" data-e-type=\"container\">\n\t\t\t\t<div class=\"elementor-element elementor-element-f629349 elementor-widget elementor-widget-image\" data-id=\"f629349\" data-element_type=\"widget\" data-e-type=\"widget\" data-widget_type=\"image.default\">\n\t\t\t\t<div class=\"elementor-widget-container\">\n\t\t\t\t\t\t\t\t\t\t\t\t\t\t\t<img fetchpriority=\"high\" decoding=\"async\" width=\"544\" height=\"544\" src=\"https:\/\/horsdutempsinstitut.fr\/wp-content\/uploads\/2024\/07\/beaute-du-regard-a-toulouse-hors-du-temps-institut-de-beaute-a-toulouse.png\" class=\"attachment-large size-large wp-image-713\" alt=\"beaut\u00e9 du regard \u00e0 toulouse hors du temps institut de beaut\u00e9 \u00e0 toulouse\" srcset=\"https:\/\/horsdutempsinstitut.fr\/wp-content\/uploads\/2024\/07\/beaute-du-regard-a-toulouse-hors-du-temps-institut-de-beaute-a-toulouse.png 544w, https:\/\/horsdutempsinstitut.fr\/wp-content\/uploads\/2024\/07\/beaute-du-regard-a-toulouse-hors-du-temps-institut-de-beaute-a-toulouse-300x300.png 300w, https:\/\/horsdutempsinstitut.fr\/wp-content\/uploads\/2024\/07\/beaute-du-regard-a-toulouse-hors-du-temps-institut-de-beaute-a-toulouse-150x150.png 150w, https:\/\/horsdutempsinstitut.fr\/wp-content\/uploads\/2024\/07\/beaute-du-regard-a-toulouse-hors-du-temps-institut-de-beaute-a-toulouse-100x100.png 100w\" sizes=\"(max-width: 544px) 100vw, 544px\" \/>\t\t\t\t\t\t\t\t\t\t\t\t\t\t\t<\/div>\n\t\t\t\t<\/div>\n\t\t\t\t<\/div>\n\t\t\t\t\t<\/div>\n\t\t\t\t<\/div>\n\t\t<div class=\"elementor-element elementor-element-9bda824 e-flex e-con-boxed e-con e-parent\" data-id=\"9bda824\" data-element_type=\"container\" data-e-type=\"container\" data-settings=\"{&quot;background_background&quot;:&quot;classic&quot;}\">\n\t\t\t\t\t<div class=\"e-con-inner\">\n\t\t<div class=\"elementor-element elementor-element-01f5e61 e-con-full e-flex e-con e-child\" data-id=\"01f5e61\" data-element_type=\"container\" data-e-type=\"container\">\n\t\t<div class=\"elementor-element elementor-element-4207322 e-con-full e-flex e-con e-child\" data-id=\"4207322\" data-element_type=\"container\" data-e-type=\"container\">\n\t\t\t\t<div class=\"elementor-element elementor-element-4a47713 elementor-widget elementor-widget-text-editor\" data-id=\"4a47713\" data-element_type=\"widget\" data-e-type=\"widget\" data-widget_type=\"text-editor.default\">\n\t\t\t\t<div class=\"elementor-widget-container\">\n\t\t\t\t\t\t\t\t\t<p>Chez Hors du Temps, situ\u00e9 dans le quartier des Carmes \u00e0 Toulouse, nous sublimons votre regard gr\u00e2ce \u00e0 des techniques de soins avanc\u00e9es.<\/p><p>Notre expert en esth\u00e9tique met tout en \u0153uvre pour r\u00e9v\u00e9ler la beaut\u00e9 naturelle de vos yeux.<\/p><p>Chaque traitement est con\u00e7u pour accentuer l&rsquo;expression de votre regard tout en respectant la singularit\u00e9 de votre visage.<\/p><p>Offrez-vous une exp\u00e9rience de beaut\u00e9 unique et sortez avec un regard captivant qui attire l&rsquo;attention.<\/p>\t\t\t\t\t\t\t\t<\/div>\n\t\t\t\t<\/div>\n\t\t\t\t<\/div>\n\t\t\t\t<div class=\"elementor-element elementor-element-a69cf12 elementor-widget elementor-widget-spacer\" data-id=\"a69cf12\" data-element_type=\"widget\" data-e-type=\"widget\" data-widget_type=\"spacer.default\">\n\t\t\t\t<div class=\"elementor-widget-container\">\n\t\t\t\t\t\t\t<div class=\"elementor-spacer\">\n\t\t\t<div class=\"elementor-spacer-inner\"><\/div>\n\t\t<\/div>\n\t\t\t\t\t\t<\/div>\n\t\t\t\t<\/div>\n\t\t\t\t<div class=\"elementor-element elementor-element-1bacd85 elementor-align-center elementor-widget elementor-widget-button\" data-id=\"1bacd85\" data-element_type=\"widget\" data-e-type=\"widget\" data-widget_type=\"button.default\">\n\t\t\t\t<div class=\"elementor-widget-container\">\n\t\t\t\t\t\t\t\t\t<div class=\"elementor-button-wrapper\">\n\t\t\t\t\t<a class=\"elementor-button elementor-button-link elementor-size-sm\" href=\"https:\/\/horsdutempsinstitut.fr\/index.php\/rehaussement-de-cils-a-toulouse-carmes\/\">\n\t\t\t\t\t\t<span class=\"elementor-button-content-wrapper\">\n\t\t\t\t\t\t\t\t\t<span class=\"elementor-button-text\">En Savoir Plus...<\/span>\n\t\t\t\t\t<\/span>\n\t\t\t\t\t<\/a>\n\t\t\t\t<\/div>\n\t\t\t\t\t\t\t\t<\/div>\n\t\t\t\t<\/div>\n\t\t\t\t<\/div>\n\t\t<div class=\"elementor-element elementor-element-89ab627 e-con-full e-flex e-con e-child\" data-id=\"89ab627\" data-element_type=\"container\" data-e-type=\"container\" data-settings=\"{&quot;background_background&quot;:&quot;classic&quot;}\">\n\t\t\t\t<div class=\"elementor-element elementor-element-18ab188 elementor-widget elementor-widget-spacer\" data-id=\"18ab188\" data-element_type=\"widget\" data-e-type=\"widget\" data-widget_type=\"spacer.default\">\n\t\t\t\t<div class=\"elementor-widget-container\">\n\t\t\t\t\t\t\t<div class=\"elementor-spacer\">\n\t\t\t<div class=\"elementor-spacer-inner\"><\/div>\n\t\t<\/div>\n\t\t\t\t\t\t<\/div>\n\t\t\t\t<\/div>\n\t\t\t\t<\/div>\n\t\t\t\t\t<\/div>\n\t\t\t\t<\/div>\n\t\t\t\t<\/div>\n\t\t","protected":false},"excerpt":{"rendered":"<p>Beaut\u00e9 du Regard \u00e0 Toulouse Chez Hors du Temps, situ\u00e9 dans le quartier des Carmes \u00e0 Toulouse, nous sublimons votre [&hellip;]<\/p>\n","protected":false},"author":1,"featured_media":0,"parent":0,"menu_order":0,"comment_status":"closed","ping_status":"closed","template":"","meta":{"site-sidebar-layout":"no-sidebar","site-content-layout":"","ast-site-content-layout":"full-width-container","site-content-style":"default","site-sidebar-style":"default","ast-global-header-display":"","ast-banner-title-visibility":"","ast-main-header-display":"","ast-hfb-above-header-display":"","ast-hfb-below-header-display":"","ast-hfb-mobile-header-display":"","site-post-title":"disabled","ast-breadcrumbs-content":"","ast-featured-img":"disabled","footer-sml-layout":"","theme-transparent-header-meta":"","adv-header-id-meta":"","stick-header-meta":"","header-above-stick-meta":"","header-main-stick-meta":"","header-below-stick-meta":"","astra-migrate-meta-layouts":"default","ast-page-background-enabled":"default","ast-page-background-meta":{"desktop":{"background-color":"var(--ast-global-color-4)","background-image":"","background-repeat":"repeat","background-position":"center center","background-size":"auto","background-attachment":"scroll","background-type":"","background-media":"","overlay-type":"","overlay-color":"","overlay-opacity":"","overlay-gradient":""},"tablet":{"background-color":"","background-image":"","background-repeat":"repeat","background-position":"center center","background-size":"auto","background-attachment":"scroll","background-type":"","background-media":"","overlay-type":"","overlay-color":"","overlay-opacity":"","overlay-gradient":""},"mobile":{"background-color":"","background-image":"","background-repeat":"repeat","background-position":"center center","background-size":"auto","background-attachment":"scroll","background-type":"","background-media":"","overlay-type":"","overlay-color":"","overlay-opacity":"","overlay-gradient":""}},"ast-content-background-meta":{"desktop":{"background-color":"var(--ast-global-color-5)","background-image":"","background-repeat":"repeat","background-position":"center center","background-size":"auto","background-attachment":"scroll","background-type":"","background-media":"","overlay-type":"","overlay-color":"","overlay-opacity":"","overlay-gradient":""},"tablet":{"background-color":"var(--ast-global-color-5)","background-image":"","background-repeat":"repeat","background-position":"center center","background-size":"auto","background-attachment":"scroll","background-type":"","background-media":"","overlay-type":"","overlay-color":"","overlay-opacity":"","overlay-gradient":""},"mobile":{"background-color":"var(--ast-global-color-5)","background-image":"","background-repeat":"repeat","background-position":"center center","background-size":"auto","background-attachment":"scroll","background-type":"","background-media":"","overlay-type":"","overlay-color":"","overlay-opacity":"","overlay-gradient":""}},"footnotes":""},"class_list":["post-615","page","type-page","status-publish","hentry"],"yoast_head":"<!-- This site is optimized with the Yoast SEO plugin v27.5 - https:\/\/yoast.com\/product\/yoast-seo-wordpress\/ -->\n<title>Beaut\u00e9 du Regard \u00e0 Toulouse | Hors du Temps<\/title>\n<meta name=\"description\" content=\"Sublimez votre regard avec les soins experts de l&#039;Institut Hors du Temps \u00e0 Toulouse Carmes. D\u00e9couvrez nos techniques avanc\u00e9es pour rehausser et illuminer vos yeux.\" \/>\n<meta name=\"robots\" content=\"index, follow, max-snippet:-1, max-image-preview:large, max-video-preview:-1\" \/>\n<link rel=\"canonical\" href=\"https:\/\/horsdutempsinstitut.fr\/index.php\/beaute-du-regard\/\" \/>\n<meta property=\"og:locale\" content=\"fr_FR\" \/>\n<meta property=\"og:type\" content=\"article\" \/>\n<meta property=\"og:title\" content=\"Beaut\u00e9 du Regard \u00e0 Toulouse | Hors du Temps\" \/>\n<meta property=\"og:description\" content=\"Sublimez votre regard avec les soins experts de l&#039;Institut Hors du Temps \u00e0 Toulouse Carmes. D\u00e9couvrez nos techniques avanc\u00e9es pour rehausser et illuminer vos yeux.\" \/>\n<meta property=\"og:url\" content=\"https:\/\/horsdutempsinstitut.fr\/index.php\/beaute-du-regard\/\" \/>\n<meta property=\"og:site_name\" content=\"Hors Du Temps Institut\" \/>\n<meta property=\"article:modified_time\" content=\"2025-03-01T12:57:46+00:00\" \/>\n<meta property=\"og:image\" content=\"https:\/\/horsdutempsinstitut.fr\/wp-content\/uploads\/2024\/07\/beaute-du-regard-a-toulouse-hors-du-temps-institut-de-beaute-a-toulouse.png\" \/>\n\t<meta property=\"og:image:width\" content=\"544\" \/>\n\t<meta property=\"og:image:height\" content=\"544\" \/>\n\t<meta property=\"og:image:type\" content=\"image\/png\" \/>\n<meta name=\"twitter:card\" content=\"summary_large_image\" \/>\n<meta name=\"twitter:label1\" content=\"Dur\u00e9e de lecture estim\u00e9e\" \/>\n\t<meta name=\"twitter:data1\" content=\"1 minute\" \/>\n<script type=\"application\/ld+json\" class=\"yoast-schema-graph\">{\"@context\":\"https:\\\/\\\/schema.org\",\"@graph\":[{\"@type\":\"WebPage\",\"@id\":\"https:\\\/\\\/horsdutempsinstitut.fr\\\/index.php\\\/beaute-du-regard\\\/\",\"url\":\"https:\\\/\\\/horsdutempsinstitut.fr\\\/index.php\\\/beaute-du-regard\\\/\",\"name\":\"Beaut\u00e9 du Regard \u00e0 Toulouse | Hors du Temps\",\"isPartOf\":{\"@id\":\"https:\\\/\\\/horsdutempsinstitut.fr\\\/#website\"},\"primaryImageOfPage\":{\"@id\":\"https:\\\/\\\/horsdutempsinstitut.fr\\\/index.php\\\/beaute-du-regard\\\/#primaryimage\"},\"image\":{\"@id\":\"https:\\\/\\\/horsdutempsinstitut.fr\\\/index.php\\\/beaute-du-regard\\\/#primaryimage\"},\"thumbnailUrl\":\"https:\\\/\\\/horsdutempsinstitut.fr\\\/wp-content\\\/uploads\\\/2024\\\/07\\\/beaute-du-regard-a-toulouse-hors-du-temps-institut-de-beaute-a-toulouse.png\",\"datePublished\":\"2024-06-30T18:17:52+00:00\",\"dateModified\":\"2025-03-01T12:57:46+00:00\",\"description\":\"Sublimez votre regard avec les soins experts de l'Institut Hors du Temps \u00e0 Toulouse Carmes. D\u00e9couvrez nos techniques avanc\u00e9es pour rehausser et illuminer vos yeux.\",\"breadcrumb\":{\"@id\":\"https:\\\/\\\/horsdutempsinstitut.fr\\\/index.php\\\/beaute-du-regard\\\/#breadcrumb\"},\"inLanguage\":\"fr-FR\",\"potentialAction\":[{\"@type\":\"ReadAction\",\"target\":[\"https:\\\/\\\/horsdutempsinstitut.fr\\\/index.php\\\/beaute-du-regard\\\/\"]}]},{\"@type\":\"ImageObject\",\"inLanguage\":\"fr-FR\",\"@id\":\"https:\\\/\\\/horsdutempsinstitut.fr\\\/index.php\\\/beaute-du-regard\\\/#primaryimage\",\"url\":\"https:\\\/\\\/horsdutempsinstitut.fr\\\/wp-content\\\/uploads\\\/2024\\\/07\\\/beaute-du-regard-a-toulouse-hors-du-temps-institut-de-beaute-a-toulouse.png\",\"contentUrl\":\"https:\\\/\\\/horsdutempsinstitut.fr\\\/wp-content\\\/uploads\\\/2024\\\/07\\\/beaute-du-regard-a-toulouse-hors-du-temps-institut-de-beaute-a-toulouse.png\",\"width\":544,\"height\":544,\"caption\":\"beaut\u00e9 du regard \u00e0 toulouse hors du temps institut de beaut\u00e9 \u00e0 toulouse\"},{\"@type\":\"BreadcrumbList\",\"@id\":\"https:\\\/\\\/horsdutempsinstitut.fr\\\/index.php\\\/beaute-du-regard\\\/#breadcrumb\",\"itemListElement\":[{\"@type\":\"ListItem\",\"position\":1,\"name\":\"Accueil\",\"item\":\"https:\\\/\\\/horsdutempsinstitut.fr\\\/\"},{\"@type\":\"ListItem\",\"position\":2,\"name\":\"Beaut\u00e9 du Regard\"}]},{\"@type\":\"WebSite\",\"@id\":\"https:\\\/\\\/horsdutempsinstitut.fr\\\/#website\",\"url\":\"https:\\\/\\\/horsdutempsinstitut.fr\\\/\",\"name\":\"Hors Du Temps Institut\",\"description\":\"Bien-\u00eatre et Beaut\u00e9\",\"potentialAction\":[{\"@type\":\"SearchAction\",\"target\":{\"@type\":\"EntryPoint\",\"urlTemplate\":\"https:\\\/\\\/horsdutempsinstitut.fr\\\/?s={search_term_string}\"},\"query-input\":{\"@type\":\"PropertyValueSpecification\",\"valueRequired\":true,\"valueName\":\"search_term_string\"}}],\"inLanguage\":\"fr-FR\"}]}<\/script>\n<!-- \/ Yoast SEO plugin. -->","yoast_head_json":{"title":"Beaut\u00e9 du Regard \u00e0 Toulouse | Hors du Temps","description":"Sublimez votre regard avec les soins experts de l'Institut Hors du Temps \u00e0 Toulouse Carmes. D\u00e9couvrez nos techniques avanc\u00e9es pour rehausser et illuminer vos yeux.","robots":{"index":"index","follow":"follow","max-snippet":"max-snippet:-1","max-image-preview":"max-image-preview:large","max-video-preview":"max-video-preview:-1"},"canonical":"https:\/\/horsdutempsinstitut.fr\/index.php\/beaute-du-regard\/","og_locale":"fr_FR","og_type":"article","og_title":"Beaut\u00e9 du Regard \u00e0 Toulouse | Hors du Temps","og_description":"Sublimez votre regard avec les soins experts de l'Institut Hors du Temps \u00e0 Toulouse Carmes. D\u00e9couvrez nos techniques avanc\u00e9es pour rehausser et illuminer vos yeux.","og_url":"https:\/\/horsdutempsinstitut.fr\/index.php\/beaute-du-regard\/","og_site_name":"Hors Du Temps Institut","article_modified_time":"2025-03-01T12:57:46+00:00","og_image":[{"width":544,"height":544,"url":"https:\/\/horsdutempsinstitut.fr\/wp-content\/uploads\/2024\/07\/beaute-du-regard-a-toulouse-hors-du-temps-institut-de-beaute-a-toulouse.png","type":"image\/png"}],"twitter_card":"summary_large_image","twitter_misc":{"Dur\u00e9e de lecture estim\u00e9e":"1 minute"},"schema":{"@context":"https:\/\/schema.org","@graph":[{"@type":"WebPage","@id":"https:\/\/horsdutempsinstitut.fr\/index.php\/beaute-du-regard\/","url":"https:\/\/horsdutempsinstitut.fr\/index.php\/beaute-du-regard\/","name":"Beaut\u00e9 du Regard \u00e0 Toulouse | Hors du Temps","isPartOf":{"@id":"https:\/\/horsdutempsinstitut.fr\/#website"},"primaryImageOfPage":{"@id":"https:\/\/horsdutempsinstitut.fr\/index.php\/beaute-du-regard\/#primaryimage"},"image":{"@id":"https:\/\/horsdutempsinstitut.fr\/index.php\/beaute-du-regard\/#primaryimage"},"thumbnailUrl":"https:\/\/horsdutempsinstitut.fr\/wp-content\/uploads\/2024\/07\/beaute-du-regard-a-toulouse-hors-du-temps-institut-de-beaute-a-toulouse.png","datePublished":"2024-06-30T18:17:52+00:00","dateModified":"2025-03-01T12:57:46+00:00","description":"Sublimez votre regard avec les soins experts de l'Institut Hors du Temps \u00e0 Toulouse Carmes. D\u00e9couvrez nos techniques avanc\u00e9es pour rehausser et illuminer vos yeux.","breadcrumb":{"@id":"https:\/\/horsdutempsinstitut.fr\/index.php\/beaute-du-regard\/#breadcrumb"},"inLanguage":"fr-FR","potentialAction":[{"@type":"ReadAction","target":["https:\/\/horsdutempsinstitut.fr\/index.php\/beaute-du-regard\/"]}]},{"@type":"ImageObject","inLanguage":"fr-FR","@id":"https:\/\/horsdutempsinstitut.fr\/index.php\/beaute-du-regard\/#primaryimage","url":"https:\/\/horsdutempsinstitut.fr\/wp-content\/uploads\/2024\/07\/beaute-du-regard-a-toulouse-hors-du-temps-institut-de-beaute-a-toulouse.png","contentUrl":"https:\/\/horsdutempsinstitut.fr\/wp-content\/uploads\/2024\/07\/beaute-du-regard-a-toulouse-hors-du-temps-institut-de-beaute-a-toulouse.png","width":544,"height":544,"caption":"beaut\u00e9 du regard \u00e0 toulouse hors du temps institut de beaut\u00e9 \u00e0 toulouse"},{"@type":"BreadcrumbList","@id":"https:\/\/horsdutempsinstitut.fr\/index.php\/beaute-du-regard\/#breadcrumb","itemListElement":[{"@type":"ListItem","position":1,"name":"Accueil","item":"https:\/\/horsdutempsinstitut.fr\/"},{"@type":"ListItem","position":2,"name":"Beaut\u00e9 du Regard"}]},{"@type":"WebSite","@id":"https:\/\/horsdutempsinstitut.fr\/#website","url":"https:\/\/horsdutempsinstitut.fr\/","name":"Hors Du Temps Institut","description":"Bien-\u00eatre et Beaut\u00e9","potentialAction":[{"@type":"SearchAction","target":{"@type":"EntryPoint","urlTemplate":"https:\/\/horsdutempsinstitut.fr\/?s={search_term_string}"},"query-input":{"@type":"PropertyValueSpecification","valueRequired":true,"valueName":"search_term_string"}}],"inLanguage":"fr-FR"}]}},"jetpack_sharing_enabled":true,"_links":{"self":[{"href":"https:\/\/horsdutempsinstitut.fr\/index.php\/wp-json\/wp\/v2\/pages\/615","targetHints":{"allow":["GET"]}}],"collection":[{"href":"https:\/\/horsdutempsinstitut.fr\/index.php\/wp-json\/wp\/v2\/pages"}],"about":[{"href":"https:\/\/horsdutempsinstitut.fr\/index.php\/wp-json\/wp\/v2\/types\/page"}],"author":[{"embeddable":true,"href":"https:\/\/horsdutempsinstitut.fr\/index.php\/wp-json\/wp\/v2\/users\/1"}],"replies":[{"embeddable":true,"href":"https:\/\/horsdutempsinstitut.fr\/index.php\/wp-json\/wp\/v2\/comments?post=615"}],"version-history":[{"count":67,"href":"https:\/\/horsdutempsinstitut.fr\/index.php\/wp-json\/wp\/v2\/pages\/615\/revisions"}],"predecessor-version":[{"id":2253,"href":"https:\/\/horsdutempsinstitut.fr\/index.php\/wp-json\/wp\/v2\/pages\/615\/revisions\/2253"}],"wp:attachment":[{"href":"https:\/\/horsdutempsinstitut.fr\/index.php\/wp-json\/wp\/v2\/media?parent=615"}],"curies":[{"name":"wp","href":"https:\/\/api.w.org\/{rel}","templated":true}]}}